{"id":4727,"date":"2023-02-17T04:01:41","date_gmt":"2023-02-17T03:01:41","guid":{"rendered":"https:\/\/www.kenzai-cosmetics.swiss\/livraison-et-retour\/"},"modified":"2023-10-02T11:44:19","modified_gmt":"2023-10-02T09:44:19","slug":"spedizioni-e-resi-fr","status":"publish","type":"page","link":"https:\/\/kenzai-cosmetics.swiss\/it\/spedizioni-e-resi-fr\/","title":{"rendered":"Spedizioni e resi"},"content":{"rendered":"\n\n<section class=\"articles_details py_160 termsNconditions\">\n    <div class=\"ken_container\">\n      <div class=\"ken_row\">\n        <div class=\"ken_col_full\">\n          <div class=\"blog_txt\">\n           <h2>1. Spedizioni<\/h2>\n<p>Le spese di porto sono calcolate alla conclusione dell\u2019ordine, in base al peso, al volume e alle tariffe del vettore incaricato della spedizione. Kenzai Cosmetics S\u00e0rl garantisce la spedizione delle merci vendute sul Sito internet in Svizzera. I prodotti e\/o servizi verranno inviati all\u2019indirizzo di consegna indicato in fase di ordine. In seguito alla ricezione dell\u2019ordine e alla conferma del pagamento, i tempi di consegna, forniti a titolo indicativo, sono i seguent :<\/p>\n<ul>\n<li>da 1 a 4 giorni lavorativi<\/li>\n<\/ul>\n<p>In caso di momentaneo esaurimento scorte, Kenzai Cosmetics S\u00e0rl si impegna a consegnare l\u2019articolo mancante quanto prima o a proporre una soluzione alternativa. Di norma, i prodotti vengono inviati nei giorni che seguono la ricezione dell\u2019ordine. Per informazioni relative all\u2019invio, i clienti possono contattarci via e-mail. Per accedere alla pagina \u201cStato dell\u2019ordine\u201d, il cliente deve identificarsi inserendo indirizzo e-mail e password. Una pagina di riepilogo degli ordini contiene informazioni dettagliate sugli ordini in corso e su quelli passati. In seguito alla spedizione, verr\u00e0 visualizzato il numero di tracking pertinente, se disponibile. I clienti possono seguire lo stato di consegna dell\u2019ordine da parte del corriere cliccando su &#8220;Invio&#8221; nella sezione &#8220;Stato dell\u2019ordine&#8221;. Alcuni vettori rendono disponibili le informazioni di tracciamento solo dopo 24 ore dall\u2019invio dell\u2019ordine..<\/p>\n<h2>2. Resi, recessi e rimborsi<\/h2>\n<p>Pu\u00f2 capitare che alcuni ordini o parti degli stessi siano annullati dal nostro sistema per motivi quali:<\/p>\n<ul>\n<li>Articolo\/i non disponibile\/i<\/li>\n<li>Impossibilit\u00e0 di elaborazione delle informazioni relative al pagamento<\/li>\n<li>Impossibilit\u00e0 di consegna all\u2019indirizzo indicato<\/li>\n<li>Ordine effettuato due volte<\/li>\n<li>Annullamento su richiesta del cliente<\/li>\n<\/ul>\n<p>In caso di annullamento di un ordine, il cliente riceve un\u2019e-mail contenente i motivi di tale annullamento. Gli ordini annullati non vengono fatturati. Qualora il cliente desideri effettuare un nuovo ordine oppure ottenere informazioni in merito a un ordine annullato, pu\u00f2 contattarci via e-mail.<\/p>\n<p>A decorrere dalla data di ricevimento del prodotto, il cliente dispone di un diritto di recesso, vale a dire un termine di 14 giorni per rendere il prodotto, facendosi carico delle spese di spedizione. Solamente i prodotti acquistati tramite il Sito internet e resi con la pellicola o l\u2019imballaggio di protezione individuale intatti (non aperti e nell\u2019imballaggio originale) possono essere oggetto di rimborso.<\/p>\n<p>Il cliente deve procedere come segue :<\/p>\n<ul>\n<li>Inviare un\u2019e-mail per richiedere il reso<\/li>\n<li>Rendere la merce a sue spese al seguente indirizzo :<br \/>\nKenzai Cosmetics<br \/>\nc\/o Schneider &amp; Cie SA Transports Internationaux<br \/>\nRue des Mouli\u00e8res 5<br \/>\n1242 Satigny<br \/>\nSvizzera<\/li>\n<\/ul>\n<p>Il prodotto deve essere integro, ben protetto, nell\u2019imballaggio originale, con la pellicola o l\u2019imballaggio di protezione individuale intatti (non aperti) e corredato di tutti gli eventuali accessori.<\/p>\n<p>Il prodotto deve inoltre essere accompagnato :<\/p>\n<ul>\n<li>Dal numero dell\u2019ordine<\/li>\n<li>Dal nome della persona che effettua il reso<\/li>\n<\/ul>\n<p>Il prodotto viene controllato dai servizi interni di Kenzai Cosmetics S\u00e0rl, incaricati di confermare o meno il rimborso dopo aver verificato che il prodotto reso sia integro e in uno stato che ne consenta la ricommercializzazione, come previsto dal diritto di recesso. Se la merce soddisfa i requisiti di reso, questa pu\u00f2 essere rimborsata o sostituita. Se invece la merce non soddisfa i requisiti di reso, questa viene rispedita al cliente senza possibilit\u00e0 di rimborso.<\/p>\n<h2>3. Difetti de conformit\u00e0<\/h2>\n<p>Nell\u2019eventualit\u00e0 poco probabile che i prodotti venduti siano difettosi o diversi dalla loro descrizione, il cliente potrebbe avere diritti supplementari per il rimborso di tali prodotti. Tali diritti non sono lesi dalla nostra politica generale di reso (specificata sopra) n\u00e9 dalle presenti Condizioni generali.<\/p>\n<p>Il cliente ha diritto al ripristino della conformit\u00e0 dei prodotti, senza spese, tramite riparazione o sostituzione. Qualora tali soluzioni non sortissero gli effetti desiderati, il cliente ha il diritto di ottenere un\u2019adeguata riduzione del prezzo dei prodotti o di annullare il contratto. Il cliente rinuncia a questi diritti in caso di mancata comunicazione del difetto di conformit\u00e0 dei prodotti entro due mesi dalla data di individuazione di tale difetto di conformit\u00e0. Kenzai Cosmetics \u00e8 responsabile in caso di difetti di conformit\u00e0 che si manifestano entro due anni dalla consegna dei prodotti. In ogni caso, le misure adottate per far valere un difetto di conformit\u00e0 non deliberatamente nascosto da parte nostra scadono automaticamente ventisei mesi dopo la consegna dei prodotti.<\/p>\n<h2>4. diritto applicabile<\/h2>\n<p>Le presenti condizioni generali di vendita, cos\u00ec come tutte le vendite a cui si applicano tali condizioni, sono disciplinate dal diritto svizzero. Eventuali controversie (di natura contrattuale, extracontrattuale o basate su un\u2019altra clausola) derivanti dalle o relative alle presenti condizioni generali di vendita o alle vendite a cui si applicano tali condizioni saranno regolate secondo il diritto svizzero. L\u2019applicazione della Convenzione delle Nazioni Unite del 1980 sui contratti di vendita internazionale di merci \u00e8 esplicitamente esclusa. Il foro esclusivo \u00e8 a Losanna, canton Vaud, Svizzera. Si applica il diritto svizzero.<\/p>\n<h2>5. Testo originale<\/h2>\n<p>Le condizioni generali di Kenzai Cosmetics S\u00e0rl sono redatte in francese e in inglese. In caso di interpretazione diversa o divergente oppure in caso di contraddizioni nelle menzioni legali, fa fede solo la versione francese.<\/p>\n<h2>6. Contatti<\/h2>\n<p>Per ricevere informazioni e assistenza sui prodotti e sulle modalit\u00e0 di acquisto tramite il Sito internet, il cliente pu\u00f2 contattarci via e-mail o tramite posta.<\/p>\n<p>Losanna, agosto 2023<\/p>\n          <\/div>\n        <\/div>\n      <\/div>\n    <\/div>\n  <\/section>\n\n  ","protected":false},"excerpt":{"rendered":"","protected":false},"author":200,"featured_media":0,"parent":0,"menu_order":0,"comment_status":"closed","ping_status":"closed","template":"basic_page.php","meta":{"footnotes":""},"yoast_head":"<!-- This site is optimized with the Yoast SEO plugin v19.14 - https:\/\/yoast.com\/wordpress\/plugins\/seo\/ -->\n<title>Spedizioni e resi - Kenzai Cosmetics<\/title>\n<meta name=\"description\" content=\"D\u00e9lai de livraison, droit de retractation, remboursement ou \u00e9change des produits Kenzai Cosmetics. Contactez-nous pour toute assistance.\" \/>\n<meta name=\"robots\" content=\"index, follow, max-snippet:-1, max-image-preview:large, max-video-preview:-1\" \/>\n<link rel=\"canonical\" href=\"https:\/\/kenzai-cosmetics.swiss\/it\/spedizioni-e-resi-fr\/\" \/>\n<meta property=\"og:locale\" content=\"it_IT\" \/>\n<meta property=\"og:type\" content=\"article\" \/>\n<meta property=\"og:title\" content=\"Spedizioni e resi - Kenzai Cosmetics\" \/>\n<meta property=\"og:description\" content=\"D\u00e9lai de livraison, droit de retractation, remboursement ou \u00e9change des produits Kenzai Cosmetics. Contactez-nous pour toute assistance.\" \/>\n<meta property=\"og:url\" content=\"https:\/\/kenzai-cosmetics.swiss\/it\/spedizioni-e-resi-fr\/\" \/>\n<meta property=\"og:site_name\" content=\"Kenzai Cosmetics\" \/>\n<meta property=\"article:modified_time\" content=\"2023-10-02T09:44:19+00:00\" \/>\n<meta name=\"twitter:card\" content=\"summary_large_image\" \/>\n<!-- \/ Yoast SEO plugin. -->","yoast_head_json":{"title":"Spedizioni e resi - Kenzai Cosmetics","description":"D\u00e9lai de livraison, droit de retractation, remboursement ou \u00e9change des produits Kenzai Cosmetics. Contactez-nous pour toute assistance.","robots":{"index":"index","follow":"follow","max-snippet":"max-snippet:-1","max-image-preview":"max-image-preview:large","max-video-preview":"max-video-preview:-1"},"canonical":"https:\/\/kenzai-cosmetics.swiss\/it\/spedizioni-e-resi-fr\/","og_locale":"it_IT","og_type":"article","og_title":"Spedizioni e resi - Kenzai Cosmetics","og_description":"D\u00e9lai de livraison, droit de retractation, remboursement ou \u00e9change des produits Kenzai Cosmetics. Contactez-nous pour toute assistance.","og_url":"https:\/\/kenzai-cosmetics.swiss\/it\/spedizioni-e-resi-fr\/","og_site_name":"Kenzai Cosmetics","article_modified_time":"2023-10-02T09:44:19+00:00","twitter_card":"summary_large_image","schema":{"@context":"https:\/\/schema.org","@graph":[{"@type":"WebPage","@id":"https:\/\/kenzai-cosmetics.swiss\/it\/spedizioni-e-resi-fr\/","url":"https:\/\/kenzai-cosmetics.swiss\/it\/spedizioni-e-resi-fr\/","name":"Spedizioni e resi - Kenzai Cosmetics","isPartOf":{"@id":"https:\/\/kenzai-cosmetics.swiss\/it\/#website"},"datePublished":"2023-02-17T03:01:41+00:00","dateModified":"2023-10-02T09:44:19+00:00","description":"D\u00e9lai de livraison, droit de retractation, remboursement ou \u00e9change des produits Kenzai Cosmetics. Contactez-nous pour toute assistance.","breadcrumb":{"@id":"https:\/\/kenzai-cosmetics.swiss\/it\/spedizioni-e-resi-fr\/#breadcrumb"},"inLanguage":"it-IT","potentialAction":[{"@type":"ReadAction","target":["https:\/\/kenzai-cosmetics.swiss\/it\/spedizioni-e-resi-fr\/"]}]},{"@type":"BreadcrumbList","@id":"https:\/\/kenzai-cosmetics.swiss\/it\/spedizioni-e-resi-fr\/#breadcrumb","itemListElement":[{"@type":"ListItem","position":1,"name":"Accueil","item":"https:\/\/kenzai-cosmetics.swiss\/it\/"},{"@type":"ListItem","position":2,"name":"Spedizioni e resi"}]},{"@type":"WebSite","@id":"https:\/\/kenzai-cosmetics.swiss\/it\/#website","url":"https:\/\/kenzai-cosmetics.swiss\/it\/","name":"Kenzai Cosmetics","description":"","publisher":{"@id":"https:\/\/kenzai-cosmetics.swiss\/it\/#organization"},"potentialAction":[{"@type":"SearchAction","target":{"@type":"EntryPoint","urlTemplate":"https:\/\/kenzai-cosmetics.swiss\/it\/?s={search_term_string}"},"query-input":"required name=search_term_string"}],"inLanguage":"it-IT"},{"@type":"Organization","@id":"https:\/\/kenzai-cosmetics.swiss\/it\/#organization","name":"Kenzai Cosmetics","url":"https:\/\/kenzai-cosmetics.swiss\/it\/","logo":{"@type":"ImageObject","inLanguage":"it-IT","@id":"https:\/\/kenzai-cosmetics.swiss\/it\/#\/schema\/logo\/image\/","url":"https:\/\/kenzai-cosmetics.swiss\/wp-content\/uploads\/2023\/02\/KENZAI_Logo_BLACK_PROD.svg","contentUrl":"https:\/\/kenzai-cosmetics.swiss\/wp-content\/uploads\/2023\/02\/KENZAI_Logo_BLACK_PROD.svg","caption":"Kenzai Cosmetics"},"image":{"@id":"https:\/\/kenzai-cosmetics.swiss\/it\/#\/schema\/logo\/image\/"}}]}},"_links":{"self":[{"href":"https:\/\/kenzai-cosmetics.swiss\/it\/wp-json\/wp\/v2\/pages\/4727"}],"collection":[{"href":"https:\/\/kenzai-cosmetics.swiss\/it\/wp-json\/wp\/v2\/pages"}],"about":[{"href":"https:\/\/kenzai-cosmetics.swiss\/it\/wp-json\/wp\/v2\/types\/page"}],"author":[{"embeddable":true,"href":"https:\/\/kenzai-cosmetics.swiss\/it\/wp-json\/wp\/v2\/users\/200"}],"replies":[{"embeddable":true,"href":"https:\/\/kenzai-cosmetics.swiss\/it\/wp-json\/wp\/v2\/comments?post=4727"}],"version-history":[{"count":3,"href":"https:\/\/kenzai-cosmetics.swiss\/it\/wp-json\/wp\/v2\/pages\/4727\/revisions"}],"predecessor-version":[{"id":5187,"href":"https:\/\/kenzai-cosmetics.swiss\/it\/wp-json\/wp\/v2\/pages\/4727\/revisions\/5187"}],"wp:attachment":[{"href":"https:\/\/kenzai-cosmetics.swiss\/it\/wp-json\/wp\/v2\/media?parent=4727"}],"curies":[{"name":"wp","href":"https:\/\/api.w.org\/{rel}","templated":true}]}}