{"id":5144,"date":"2023-07-16T11:26:06","date_gmt":"2023-07-16T09:26:06","guid":{"rendered":"https:\/\/www.kenzai-cosmetics.swiss\/product\/homme-set-complet\/"},"modified":"2023-10-20T14:42:49","modified_gmt":"2023-10-20T12:42:49","slug":"set-completo-2","status":"publish","type":"product","link":"https:\/\/kenzai-cosmetics.swiss\/es\/producto\/set-completo-2\/","title":{"rendered":"Set completo"},"content":{"rendered":"","protected":false},"excerpt":{"rendered":"<p>Brinde a su rostro una protecci\u00f3n natural completa contra la luz azul y la contaminaci\u00f3n ambiental. Nuestros principios activos interact\u00faan entre s\u00ed para reactivar la firmeza de la piel, hidratarla en profundidad y prevenir los efectos del paso del tiempo.<\/p>\n","protected":false},"featured_media":4367,"template":"","meta":[],"product_cat":[327],"product_tag":[],"yoast_head":"<!-- This site is optimized with the Yoast SEO plugin v19.14 - https:\/\/yoast.com\/wordpress\/plugins\/seo\/ -->\n<title>Set completo - Kenzai Cosmetics<\/title>\n<meta name=\"description\" content=\"Brinde a su rostro una protecci\u00f3n natural completa contra la luz azul y la contaminaci\u00f3n ambiental.\" \/>\n<meta name=\"robots\" content=\"index, follow, max-snippet:-1, max-image-preview:large, max-video-preview:-1\" \/>\n<link rel=\"canonical\" href=\"https:\/\/kenzai-cosmetics.swiss\/es\/producto\/set-completo-2\/\" \/>\n<meta property=\"og:locale\" content=\"es_ES\" \/>\n<meta property=\"og:type\" content=\"article\" \/>\n<meta property=\"og:title\" content=\"Set completo - Kenzai Cosmetics\" \/>\n<meta property=\"og:description\" content=\"Brinde a su rostro una protecci\u00f3n natural completa contra la luz azul y la contaminaci\u00f3n ambiental.\" \/>\n<meta property=\"og:url\" content=\"https:\/\/kenzai-cosmetics.swiss\/es\/producto\/set-completo-2\/\" \/>\n<meta property=\"og:site_name\" content=\"Kenzai Cosmetics\" \/>\n<meta property=\"article:modified_time\" content=\"2023-10-20T12:42:49+00:00\" \/>\n<meta property=\"og:image\" content=\"https:\/\/kenzai-cosmetics.swiss\/wp-content\/uploads\/2023\/07\/KE_produit_bundle_homme.webp\" \/>\n\t<meta property=\"og:image:width\" content=\"2500\" \/>\n\t<meta property=\"og:image:height\" content=\"1875\" \/>\n\t<meta property=\"og:image:type\" content=\"image\/webp\" \/>\n<meta name=\"twitter:card\" content=\"summary_large_image\" \/>\n<!-- \/ Yoast SEO plugin. -->","yoast_head_json":{"title":"Set completo - Kenzai Cosmetics","description":"Brinde a su rostro una protecci\u00f3n natural completa contra la luz azul y la contaminaci\u00f3n ambiental.","robots":{"index":"index","follow":"follow","max-snippet":"max-snippet:-1","max-image-preview":"max-image-preview:large","max-video-preview":"max-video-preview:-1"},"canonical":"https:\/\/kenzai-cosmetics.swiss\/es\/producto\/set-completo-2\/","og_locale":"es_ES","og_type":"article","og_title":"Set completo - Kenzai Cosmetics","og_description":"Brinde a su rostro una protecci\u00f3n natural completa contra la luz azul y la contaminaci\u00f3n ambiental.","og_url":"https:\/\/kenzai-cosmetics.swiss\/es\/producto\/set-completo-2\/","og_site_name":"Kenzai Cosmetics","article_modified_time":"2023-10-20T12:42:49+00:00","og_image":[{"width":2500,"height":1875,"url":"https:\/\/kenzai-cosmetics.swiss\/wp-content\/uploads\/2023\/07\/KE_produit_bundle_homme.webp","type":"image\/webp"}],"twitter_card":"summary_large_image","schema":{"@context":"https:\/\/schema.org","@graph":[{"@type":"WebPage","@id":"https:\/\/kenzai-cosmetics.swiss\/es\/producto\/set-completo-2\/","url":"https:\/\/kenzai-cosmetics.swiss\/es\/producto\/set-completo-2\/","name":"Set completo - Kenzai Cosmetics","isPartOf":{"@id":"https:\/\/kenzai-cosmetics.swiss\/es\/#website"},"datePublished":"2023-07-16T09:26:06+00:00","dateModified":"2023-10-20T12:42:49+00:00","description":"Brinde a su rostro una protecci\u00f3n natural completa contra la luz azul y la contaminaci\u00f3n ambiental.","breadcrumb":{"@id":"https:\/\/kenzai-cosmetics.swiss\/es\/producto\/set-completo-2\/#breadcrumb"},"inLanguage":"es","potentialAction":[{"@type":"ReadAction","target":["https:\/\/kenzai-cosmetics.swiss\/es\/producto\/set-completo-2\/"]}]},{"@type":"BreadcrumbList","@id":"https:\/\/kenzai-cosmetics.swiss\/es\/producto\/set-completo-2\/#breadcrumb","itemListElement":[{"@type":"ListItem","position":1,"name":"Accueil","item":"https:\/\/kenzai-cosmetics.swiss\/es\/"},{"@type":"ListItem","position":2,"name":"Tienda","item":"https:\/\/kenzai-cosmetics.swiss\/es\/tienda\/"},{"@type":"ListItem","position":3,"name":"Set completo"}]},{"@type":"WebSite","@id":"https:\/\/kenzai-cosmetics.swiss\/es\/#website","url":"https:\/\/kenzai-cosmetics.swiss\/es\/","name":"Kenzai Cosmetics","description":"","publisher":{"@id":"https:\/\/kenzai-cosmetics.swiss\/es\/#organization"},"potentialAction":[{"@type":"SearchAction","target":{"@type":"EntryPoint","urlTemplate":"https:\/\/kenzai-cosmetics.swiss\/es\/?s={search_term_string}"},"query-input":"required name=search_term_string"}],"inLanguage":"es"},{"@type":"Organization","@id":"https:\/\/kenzai-cosmetics.swiss\/es\/#organization","name":"Kenzai Cosmetics","url":"https:\/\/kenzai-cosmetics.swiss\/es\/","logo":{"@type":"ImageObject","inLanguage":"es","@id":"https:\/\/kenzai-cosmetics.swiss\/es\/#\/schema\/logo\/image\/","url":"https:\/\/kenzai-cosmetics.swiss\/wp-content\/uploads\/2023\/02\/KENZAI_Logo_BLACK_PROD.svg","contentUrl":"https:\/\/kenzai-cosmetics.swiss\/wp-content\/uploads\/2023\/02\/KENZAI_Logo_BLACK_PROD.svg","caption":"Kenzai Cosmetics"},"image":{"@id":"https:\/\/kenzai-cosmetics.swiss\/es\/#\/schema\/logo\/image\/"}}]}},"_links":{"self":[{"href":"https:\/\/kenzai-cosmetics.swiss\/es\/wp-json\/wp\/v2\/product\/5144"}],"collection":[{"href":"https:\/\/kenzai-cosmetics.swiss\/es\/wp-json\/wp\/v2\/product"}],"about":[{"href":"https:\/\/kenzai-cosmetics.swiss\/es\/wp-json\/wp\/v2\/types\/product"}],"wp:featuredmedia":[{"embeddable":true,"href":"https:\/\/kenzai-cosmetics.swiss\/es\/wp-json\/wp\/v2\/media\/4367"}],"wp:attachment":[{"href":"https:\/\/kenzai-cosmetics.swiss\/es\/wp-json\/wp\/v2\/media?parent=5144"}],"wp:term":[{"taxonomy":"product_cat","embeddable":true,"href":"https:\/\/kenzai-cosmetics.swiss\/es\/wp-json\/wp\/v2\/product_cat?post=5144"},{"taxonomy":"product_tag","embeddable":true,"href":"https:\/\/kenzai-cosmetics.swiss\/es\/wp-json\/wp\/v2\/product_tag?post=5144"}],"curies":[{"name":"wp","href":"https:\/\/api.w.org\/{rel}","templated":true}]}}