{"id":4792,"date":"2023-04-26T09:25:12","date_gmt":"2023-04-26T07:25:12","guid":{"rendered":"https:\/\/www.kenzai-cosmetics.swiss\/product\/femme-lait-demaquillant-visage-et-yeux\/"},"modified":"2023-10-24T14:13:50","modified_gmt":"2023-10-24T12:13:50","slug":"leche-desmaquillante-para-rostro-y-ojos","status":"publish","type":"product","link":"https:\/\/kenzai-cosmetics.swiss\/es\/producto\/leche-desmaquillante-para-rostro-y-ojos\/","title":{"rendered":"Leche Desmaquillante para Rostro y Ojos"},"content":{"rendered":"","protected":false},"excerpt":{"rendered":"<p>Esta leche desmaquillante limpia la piel de contaminaci\u00f3n, maquillaje y exceso de sebo, al mismo tiempo que purifica en profundidad y aporta comodidad y suavidad. Gracias a su f\u00f3rmula innovadora, podr\u00e1 prescindir del t\u00f3nico.<\/p>\n","protected":false},"featured_media":4381,"template":"","meta":[],"product_cat":[326],"product_tag":[],"yoast_head":"<!-- This site is optimized with the Yoast SEO plugin v19.14 - https:\/\/yoast.com\/wordpress\/plugins\/seo\/ -->\n<title>Leche Desmaquillante para Rostro y Ojos - Kenzai Cosmetics<\/title>\n<meta name=\"description\" content=\"Esta leche desmaquillante limpia la piel de contaminaci\u00f3n, maquillaje y exceso de sebo, al mismo tiempo que purifica en profundidad y aporta comodidad y suavidad.\" \/>\n<meta name=\"robots\" content=\"index, follow, max-snippet:-1, max-image-preview:large, max-video-preview:-1\" \/>\n<link rel=\"canonical\" href=\"https:\/\/kenzai-cosmetics.swiss\/es\/producto\/leche-desmaquillante-para-rostro-y-ojos\/\" \/>\n<meta property=\"og:locale\" content=\"es_ES\" \/>\n<meta property=\"og:type\" content=\"article\" \/>\n<meta property=\"og:title\" content=\"Leche Desmaquillante para Rostro y Ojos - Kenzai Cosmetics\" \/>\n<meta property=\"og:description\" content=\"Esta leche desmaquillante limpia la piel de contaminaci\u00f3n, maquillaje y exceso de sebo, al mismo tiempo que purifica en profundidad y aporta comodidad y suavidad.\" \/>\n<meta property=\"og:url\" content=\"https:\/\/kenzai-cosmetics.swiss\/es\/producto\/leche-desmaquillante-para-rostro-y-ojos\/\" \/>\n<meta property=\"og:site_name\" content=\"Kenzai Cosmetics\" \/>\n<meta property=\"article:modified_time\" content=\"2023-10-24T12:13:50+00:00\" \/>\n<meta property=\"og:image\" content=\"https:\/\/kenzai-cosmetics.swiss\/wp-content\/uploads\/2023\/08\/Kenzai_femme_lait-demaquillant-scaled.webp\" \/>\n\t<meta property=\"og:image:width\" content=\"2560\" \/>\n\t<meta property=\"og:image:height\" content=\"1920\" \/>\n\t<meta property=\"og:image:type\" content=\"image\/webp\" \/>\n<meta name=\"twitter:card\" content=\"summary_large_image\" \/>\n<!-- \/ Yoast SEO plugin. -->","yoast_head_json":{"title":"Leche Desmaquillante para Rostro y Ojos - Kenzai Cosmetics","description":"Esta leche desmaquillante limpia la piel de contaminaci\u00f3n, maquillaje y exceso de sebo, al mismo tiempo que purifica en profundidad y aporta comodidad y suavidad.","robots":{"index":"index","follow":"follow","max-snippet":"max-snippet:-1","max-image-preview":"max-image-preview:large","max-video-preview":"max-video-preview:-1"},"canonical":"https:\/\/kenzai-cosmetics.swiss\/es\/producto\/leche-desmaquillante-para-rostro-y-ojos\/","og_locale":"es_ES","og_type":"article","og_title":"Leche Desmaquillante para Rostro y Ojos - Kenzai Cosmetics","og_description":"Esta leche desmaquillante limpia la piel de contaminaci\u00f3n, maquillaje y exceso de sebo, al mismo tiempo que purifica en profundidad y aporta comodidad y suavidad.","og_url":"https:\/\/kenzai-cosmetics.swiss\/es\/producto\/leche-desmaquillante-para-rostro-y-ojos\/","og_site_name":"Kenzai Cosmetics","article_modified_time":"2023-10-24T12:13:50+00:00","og_image":[{"width":2560,"height":1920,"url":"https:\/\/kenzai-cosmetics.swiss\/wp-content\/uploads\/2023\/08\/Kenzai_femme_lait-demaquillant-scaled.webp","type":"image\/webp"}],"twitter_card":"summary_large_image","schema":{"@context":"https:\/\/schema.org","@graph":[{"@type":"WebPage","@id":"https:\/\/kenzai-cosmetics.swiss\/es\/producto\/leche-desmaquillante-para-rostro-y-ojos\/","url":"https:\/\/kenzai-cosmetics.swiss\/es\/producto\/leche-desmaquillante-para-rostro-y-ojos\/","name":"Leche Desmaquillante para Rostro y Ojos - Kenzai Cosmetics","isPartOf":{"@id":"https:\/\/kenzai-cosmetics.swiss\/es\/#website"},"datePublished":"2023-04-26T07:25:12+00:00","dateModified":"2023-10-24T12:13:50+00:00","description":"Esta leche desmaquillante limpia la piel de contaminaci\u00f3n, maquillaje y exceso de sebo, al mismo tiempo que purifica en profundidad y aporta comodidad y suavidad.","breadcrumb":{"@id":"https:\/\/kenzai-cosmetics.swiss\/es\/producto\/leche-desmaquillante-para-rostro-y-ojos\/#breadcrumb"},"inLanguage":"es","potentialAction":[{"@type":"ReadAction","target":["https:\/\/kenzai-cosmetics.swiss\/es\/producto\/leche-desmaquillante-para-rostro-y-ojos\/"]}]},{"@type":"BreadcrumbList","@id":"https:\/\/kenzai-cosmetics.swiss\/es\/producto\/leche-desmaquillante-para-rostro-y-ojos\/#breadcrumb","itemListElement":[{"@type":"ListItem","position":1,"name":"Accueil","item":"https:\/\/kenzai-cosmetics.swiss\/es\/"},{"@type":"ListItem","position":2,"name":"Tienda","item":"https:\/\/kenzai-cosmetics.swiss\/es\/tienda\/"},{"@type":"ListItem","position":3,"name":"Leche Desmaquillante para Rostro y Ojos"}]},{"@type":"WebSite","@id":"https:\/\/kenzai-cosmetics.swiss\/es\/#website","url":"https:\/\/kenzai-cosmetics.swiss\/es\/","name":"Kenzai Cosmetics","description":"","publisher":{"@id":"https:\/\/kenzai-cosmetics.swiss\/es\/#organization"},"potentialAction":[{"@type":"SearchAction","target":{"@type":"EntryPoint","urlTemplate":"https:\/\/kenzai-cosmetics.swiss\/es\/?s={search_term_string}"},"query-input":"required name=search_term_string"}],"inLanguage":"es"},{"@type":"Organization","@id":"https:\/\/kenzai-cosmetics.swiss\/es\/#organization","name":"Kenzai Cosmetics","url":"https:\/\/kenzai-cosmetics.swiss\/es\/","logo":{"@type":"ImageObject","inLanguage":"es","@id":"https:\/\/kenzai-cosmetics.swiss\/es\/#\/schema\/logo\/image\/","url":"https:\/\/kenzai-cosmetics.swiss\/wp-content\/uploads\/2023\/02\/KENZAI_Logo_BLACK_PROD.svg","contentUrl":"https:\/\/kenzai-cosmetics.swiss\/wp-content\/uploads\/2023\/02\/KENZAI_Logo_BLACK_PROD.svg","caption":"Kenzai Cosmetics"},"image":{"@id":"https:\/\/kenzai-cosmetics.swiss\/es\/#\/schema\/logo\/image\/"}}]}},"_links":{"self":[{"href":"https:\/\/kenzai-cosmetics.swiss\/es\/wp-json\/wp\/v2\/product\/4792"}],"collection":[{"href":"https:\/\/kenzai-cosmetics.swiss\/es\/wp-json\/wp\/v2\/product"}],"about":[{"href":"https:\/\/kenzai-cosmetics.swiss\/es\/wp-json\/wp\/v2\/types\/product"}],"wp:featuredmedia":[{"embeddable":true,"href":"https:\/\/kenzai-cosmetics.swiss\/es\/wp-json\/wp\/v2\/media\/4381"}],"wp:attachment":[{"href":"https:\/\/kenzai-cosmetics.swiss\/es\/wp-json\/wp\/v2\/media?parent=4792"}],"wp:term":[{"taxonomy":"product_cat","embeddable":true,"href":"https:\/\/kenzai-cosmetics.swiss\/es\/wp-json\/wp\/v2\/product_cat?post=4792"},{"taxonomy":"product_tag","embeddable":true,"href":"https:\/\/kenzai-cosmetics.swiss\/es\/wp-json\/wp\/v2\/product_tag?post=4792"}],"curies":[{"name":"wp","href":"https:\/\/api.w.org\/{rel}","templated":true}]}}