{"id":4786,"date":"2023-04-25T17:46:56","date_gmt":"2023-04-25T15:46:56","guid":{"rendered":"https:\/\/www.kenzai-cosmetics.swiss\/product\/femme-creme-protectrice-visage-24h\/"},"modified":"2023-10-24T14:14:07","modified_gmt":"2023-10-24T12:14:07","slug":"crema-facial-proteccion-24h","status":"publish","type":"product","link":"https:\/\/kenzai-cosmetics.swiss\/es\/producto\/crema-facial-proteccion-24h\/","title":{"rendered":"Crema Facial Protecci\u00f3n 24H"},"content":{"rendered":"","protected":false},"excerpt":{"rendered":"<p>Rica en antioxidantes, la Crema Facial Protecci\u00f3n 24H protege de la luz azul y de la contaminaci\u00f3n. La interacci\u00f3n de sus extractos bot\u00e1nicos estimula la regeneraci\u00f3n de las c\u00e9lulas cut\u00e1neas, hidrata la dermis y previene los signos del envejecimiento.<\/p>\n","protected":false},"featured_media":4290,"template":"","meta":[],"product_cat":[326],"product_tag":[],"yoast_head":"<!-- This site is optimized with the Yoast SEO plugin v19.14 - https:\/\/yoast.com\/wordpress\/plugins\/seo\/ -->\n<title>Crema Facial Protecci\u00f3n 24H - Kenzai Cosmetics<\/title>\n<meta name=\"description\" content=\"Rica en antioxidantes, la Crema Facial Protecci\u00f3n 24H protege de la luz azul y de la contaminaci\u00f3n.\" \/>\n<meta name=\"robots\" content=\"index, follow, max-snippet:-1, max-image-preview:large, max-video-preview:-1\" \/>\n<link rel=\"canonical\" href=\"https:\/\/kenzai-cosmetics.swiss\/es\/producto\/crema-facial-proteccion-24h\/\" \/>\n<meta property=\"og:locale\" content=\"es_ES\" \/>\n<meta property=\"og:type\" content=\"article\" \/>\n<meta property=\"og:title\" content=\"Crema Facial Protecci\u00f3n 24H - Kenzai Cosmetics\" \/>\n<meta property=\"og:description\" content=\"Rica en antioxidantes, la Crema Facial Protecci\u00f3n 24H protege de la luz azul y de la contaminaci\u00f3n.\" \/>\n<meta property=\"og:url\" content=\"https:\/\/kenzai-cosmetics.swiss\/es\/producto\/crema-facial-proteccion-24h\/\" \/>\n<meta property=\"og:site_name\" content=\"Kenzai Cosmetics\" \/>\n<meta property=\"article:modified_time\" content=\"2023-10-24T12:14:07+00:00\" \/>\n<meta property=\"og:image\" content=\"https:\/\/kenzai-cosmetics.swiss\/wp-content\/uploads\/2023\/06\/Kenzai-Produit-Femme_Creme-Protectrice-Visage-24H.webp\" \/>\n\t<meta property=\"og:image:width\" content=\"2500\" \/>\n\t<meta property=\"og:image:height\" content=\"1875\" \/>\n\t<meta property=\"og:image:type\" content=\"image\/webp\" \/>\n<meta name=\"twitter:card\" content=\"summary_large_image\" \/>\n<!-- \/ Yoast SEO plugin. -->","yoast_head_json":{"title":"Crema Facial Protecci\u00f3n 24H - Kenzai Cosmetics","description":"Rica en antioxidantes, la Crema Facial Protecci\u00f3n 24H protege de la luz azul y de la contaminaci\u00f3n.","robots":{"index":"index","follow":"follow","max-snippet":"max-snippet:-1","max-image-preview":"max-image-preview:large","max-video-preview":"max-video-preview:-1"},"canonical":"https:\/\/kenzai-cosmetics.swiss\/es\/producto\/crema-facial-proteccion-24h\/","og_locale":"es_ES","og_type":"article","og_title":"Crema Facial Protecci\u00f3n 24H - Kenzai Cosmetics","og_description":"Rica en antioxidantes, la Crema Facial Protecci\u00f3n 24H protege de la luz azul y de la contaminaci\u00f3n.","og_url":"https:\/\/kenzai-cosmetics.swiss\/es\/producto\/crema-facial-proteccion-24h\/","og_site_name":"Kenzai Cosmetics","article_modified_time":"2023-10-24T12:14:07+00:00","og_image":[{"width":2500,"height":1875,"url":"https:\/\/kenzai-cosmetics.swiss\/wp-content\/uploads\/2023\/06\/Kenzai-Produit-Femme_Creme-Protectrice-Visage-24H.webp","type":"image\/webp"}],"twitter_card":"summary_large_image","schema":{"@context":"https:\/\/schema.org","@graph":[{"@type":"WebPage","@id":"https:\/\/kenzai-cosmetics.swiss\/es\/producto\/crema-facial-proteccion-24h\/","url":"https:\/\/kenzai-cosmetics.swiss\/es\/producto\/crema-facial-proteccion-24h\/","name":"Crema Facial Protecci\u00f3n 24H - Kenzai Cosmetics","isPartOf":{"@id":"https:\/\/kenzai-cosmetics.swiss\/es\/#website"},"datePublished":"2023-04-25T15:46:56+00:00","dateModified":"2023-10-24T12:14:07+00:00","description":"Rica en antioxidantes, la Crema Facial Protecci\u00f3n 24H protege de la luz azul y de la contaminaci\u00f3n.","breadcrumb":{"@id":"https:\/\/kenzai-cosmetics.swiss\/es\/producto\/crema-facial-proteccion-24h\/#breadcrumb"},"inLanguage":"es","potentialAction":[{"@type":"ReadAction","target":["https:\/\/kenzai-cosmetics.swiss\/es\/producto\/crema-facial-proteccion-24h\/"]}]},{"@type":"BreadcrumbList","@id":"https:\/\/kenzai-cosmetics.swiss\/es\/producto\/crema-facial-proteccion-24h\/#breadcrumb","itemListElement":[{"@type":"ListItem","position":1,"name":"Accueil","item":"https:\/\/kenzai-cosmetics.swiss\/es\/"},{"@type":"ListItem","position":2,"name":"Tienda","item":"https:\/\/kenzai-cosmetics.swiss\/es\/tienda\/"},{"@type":"ListItem","position":3,"name":"Crema Facial Protecci\u00f3n 24H"}]},{"@type":"WebSite","@id":"https:\/\/kenzai-cosmetics.swiss\/es\/#website","url":"https:\/\/kenzai-cosmetics.swiss\/es\/","name":"Kenzai Cosmetics","description":"","publisher":{"@id":"https:\/\/kenzai-cosmetics.swiss\/es\/#organization"},"potentialAction":[{"@type":"SearchAction","target":{"@type":"EntryPoint","urlTemplate":"https:\/\/kenzai-cosmetics.swiss\/es\/?s={search_term_string}"},"query-input":"required name=search_term_string"}],"inLanguage":"es"},{"@type":"Organization","@id":"https:\/\/kenzai-cosmetics.swiss\/es\/#organization","name":"Kenzai Cosmetics","url":"https:\/\/kenzai-cosmetics.swiss\/es\/","logo":{"@type":"ImageObject","inLanguage":"es","@id":"https:\/\/kenzai-cosmetics.swiss\/es\/#\/schema\/logo\/image\/","url":"https:\/\/kenzai-cosmetics.swiss\/wp-content\/uploads\/2023\/02\/KENZAI_Logo_BLACK_PROD.svg","contentUrl":"https:\/\/kenzai-cosmetics.swiss\/wp-content\/uploads\/2023\/02\/KENZAI_Logo_BLACK_PROD.svg","caption":"Kenzai Cosmetics"},"image":{"@id":"https:\/\/kenzai-cosmetics.swiss\/es\/#\/schema\/logo\/image\/"}}]}},"_links":{"self":[{"href":"https:\/\/kenzai-cosmetics.swiss\/es\/wp-json\/wp\/v2\/product\/4786"}],"collection":[{"href":"https:\/\/kenzai-cosmetics.swiss\/es\/wp-json\/wp\/v2\/product"}],"about":[{"href":"https:\/\/kenzai-cosmetics.swiss\/es\/wp-json\/wp\/v2\/types\/product"}],"wp:featuredmedia":[{"embeddable":true,"href":"https:\/\/kenzai-cosmetics.swiss\/es\/wp-json\/wp\/v2\/media\/4290"}],"wp:attachment":[{"href":"https:\/\/kenzai-cosmetics.swiss\/es\/wp-json\/wp\/v2\/media?parent=4786"}],"wp:term":[{"taxonomy":"product_cat","embeddable":true,"href":"https:\/\/kenzai-cosmetics.swiss\/es\/wp-json\/wp\/v2\/product_cat?post=4786"},{"taxonomy":"product_tag","embeddable":true,"href":"https:\/\/kenzai-cosmetics.swiss\/es\/wp-json\/wp\/v2\/product_tag?post=4786"}],"curies":[{"name":"wp","href":"https:\/\/api.w.org\/{rel}","templated":true}]}}