{"id":4465,"date":"2023-04-24T18:07:54","date_gmt":"2023-04-24T16:07:54","guid":{"rendered":"https:\/\/www.kenzai-cosmetics.swiss\/contact\/"},"modified":"2023-10-29T19:37:08","modified_gmt":"2023-10-29T18:37:08","slug":"kontakt","status":"publish","type":"page","link":"https:\/\/kenzai-cosmetics.swiss\/de\/kontakt\/","title":{"rendered":"Kontakt"},"content":{"rendered":"\n<section class=\"ken_col_blocks pb_160\">\n\n    <div class=\"ken_container\">\n      <div class=\"ken_row\">\n                    <div class=\"ken_col_33\">\n              <div class=\"text_block\">\n                <div class=\"text_contents\">\n                  <h3 class=\"ken_col_heading\">\n                    Mehr erfahren                  <\/h3>\n                  <p>\n                    <p>F\u00fcr weitere Informationen zu unseren Pflegeprodukten.<\/p>\n                  <\/p>\n                                    <a href=\"#contact-form\" class=\"ken_btn\" target=\"_self\">\n                    <span>Kontaktformular<\/span>\n                    <img decoding=\"async\" src=\"https:\/\/www.kenzai-cosmetics.swiss\/wp-content\/uploads\/2023\/06\/arrow-right.svg\"\n                      alt=\"\">\n                  <\/a>\n                                  <\/div>\n              <\/div>\n            <\/div>\n                      <div class=\"ken_col_33\">\n              <div class=\"text_block\">\n                <div class=\"text_contents\">\n                  <h3 class=\"ken_col_heading\">\n                    Medien                  <\/h3>\n                  <p>\n                    <p>Sie sind Medienschaffende(r) und m\u00f6chten uns f\u00fcr weitere Informationen kontaktieren.<\/p>\n                  <\/p>\n                                    <a href=\"https:\/\/kenzai-cosmetics.swiss\/de\/medien\/\" class=\"ken_btn\" target=\"_self\">\n                    <span>Kontaktformular f\u00fcr Medien<\/span>\n                    <img decoding=\"async\" src=\"https:\/\/www.kenzai-cosmetics.swiss\/wp-content\/uploads\/2023\/06\/arrow-right.svg\"\n                      alt=\"\">\n                  <\/a>\n                                  <\/div>\n              <\/div>\n            <\/div>\n                      <div class=\"ken_col_33\">\n              <div class=\"text_block\">\n                <div class=\"text_contents\">\n                  <h3 class=\"ken_col_heading\">\n                    Partnerschaft                  <\/h3>\n                  <p>\n                    <p>Sie m\u00f6chten Ihren Kundinnen und Kunden unsere Produkte anbieten und entsprechende Konditionen erhalten.<\/p>\n                  <\/p>\n                                    <a href=\"https:\/\/kenzai-cosmetics.swiss\/de\/partner-werden\/\" class=\"ken_btn\" target=\"_self\">\n                    <span>Kontaktformular Partnerschaft<\/span>\n                    <img decoding=\"async\" src=\"https:\/\/www.kenzai-cosmetics.swiss\/wp-content\/uploads\/2023\/06\/arrow-right.svg\"\n                      alt=\"\">\n                  <\/a>\n                                  <\/div>\n              <\/div>\n            <\/div>\n                <\/div>\n    <\/div>\n\n  <\/section>\n\n    \n\n  <section class=\"contact_form_block\" id=\"contact-form\">\n        <div class=\"ken_container\" >\n            <div class=\"ken_row\">\n                <div class=\"ken_col_full\">\n                    <div class=\"ken_caption_style\">\n                        <span>HABEN SIE EINE FRAGE?<\/span>\n                    <\/div>\n                    <div class=\"submit-message\">\n                    \n<div class=\"wpcf7 no-js\" id=\"wpcf7-f4588-o1\" lang=\"de-DE\" dir=\"ltr\">\n<div class=\"screen-reader-response\"><p role=\"status\" aria-live=\"polite\" aria-atomic=\"true\"><\/p> <ul><\/ul><\/div>\n<form action=\"\/de\/wp-json\/wp\/v2\/pages\/4465#wpcf7-f4588-o1\" method=\"post\" class=\"wpcf7-form init\" aria-label=\"Kontaktformular\" novalidate=\"novalidate\" data-status=\"init\">\n<div style=\"display: none;\">\n<input type=\"hidden\" name=\"_wpcf7\" value=\"4588\" \/>\n<input type=\"hidden\" name=\"_wpcf7_version\" value=\"5.7.7\" \/>\n<input type=\"hidden\" name=\"_wpcf7_locale\" value=\"de_DE\" \/>\n<input type=\"hidden\" name=\"_wpcf7_unit_tag\" value=\"wpcf7-f4588-o1\" \/>\n<input type=\"hidden\" name=\"_wpcf7_container_post\" value=\"0\" \/>\n<input type=\"hidden\" name=\"_wpcf7_posted_data_hash\" value=\"\" \/>\n<input type=\"hidden\" name=\"_wpcf7_recaptcha_response\" value=\"\" \/>\n<\/div>\n<div class=\"form_area\">\n\t<div class=\"field_group\">\n\t\t<p><label for=\"\">Name und Vorname*<\/label><br \/>\n<span class=\"wpcf7-form-control-wrap\" data-name=\"prenom\"><input size=\"40\" class=\"wpcf7-form-control wpcf7-text wpcf7-validates-as-required\" id=\"name\" aria-required=\"true\" aria-invalid=\"false\" value=\"\" type=\"text\" name=\"prenom\" \/><\/span>\n\t\t<\/p>\n\t<\/div>\n\t<div class=\"field_group field_grp_select\">\n\t\t<p><label for=\"\">Land*<\/label>\n\t\t<\/p>\n\t\t<div class=\"select_box\">\n\t\t\t<p><span class=\"wpcf7-form-control-wrap\" data-name=\"pays\"><select class=\"wpcf7-form-control wpcf7-select wpcf7-validates-as-required\" id=\"select_pays\" aria-required=\"true\" aria-invalid=\"false\" name=\"pays\"><option value=\"Ausw\u00e4hlen\">Ausw\u00e4hlen<\/option><option value=\"\u00c4gypten\">\u00c4gypten<\/option><option value=\"\u00c4quatorialguinea\">\u00c4quatorialguinea<\/option><option value=\"\u00c4thiopien\">\u00c4thiopien<\/option><option value=\"Afghanistan\">Afghanistan<\/option><option value=\"Albanien\">Albanien<\/option><option value=\"Algerien\">Algerien<\/option><option value=\"Andorra\">Andorra<\/option><option value=\"Angola\">Angola<\/option><option value=\"Antigua und Barbuda\">Antigua und Barbuda<\/option><option value=\"Argentinien\">Argentinien<\/option><option value=\"Armenien\">Armenien<\/option><option value=\"Aserbaidschan\">Aserbaidschan<\/option><option value=\"Australien\">Australien<\/option><option value=\"Bahamas\">Bahamas<\/option><option value=\"Bahrain\">Bahrain<\/option><option value=\"Bangladesch\">Bangladesch<\/option><option value=\"Barbados\">Barbados<\/option><option value=\"Belarus\">Belarus<\/option><option value=\"Belgien\">Belgien<\/option><option value=\"Belize\">Belize<\/option><option value=\"Benin\">Benin<\/option><option value=\"Bhutan\">Bhutan<\/option><option value=\"Bolivien\">Bolivien<\/option><option value=\"Bosnien und Herzegowina\">Bosnien und Herzegowina<\/option><option value=\"Botswana\">Botswana<\/option><option value=\"Brasilien\">Brasilien<\/option><option value=\"Brunei\">Brunei<\/option><option value=\"Bulgarien\">Bulgarien<\/option><option value=\"Burkina Faso\">Burkina Faso<\/option><option value=\"Burundi\">Burundi<\/option><option value=\"Chile\">Chile<\/option><option value=\"China\">China<\/option><option value=\"Costa Rica\">Costa Rica<\/option><option value=\"C\u00f4te d&#039;Ivoire\">C\u00f4te d&#039;Ivoire<\/option><option value=\"D\u00e4nemark\">D\u00e4nemark<\/option><option value=\"Deutschland\">Deutschland<\/option><option value=\"Dominica\">Dominica<\/option><option value=\"Dominikanische Republik\">Dominikanische Republik<\/option><option value=\"Dschibuti\">Dschibuti<\/option><option value=\"Ecuador\">Ecuador<\/option><option value=\"Elfenbeink\u00fcste\">Elfenbeink\u00fcste<\/option><option value=\"El Salvador\">El Salvador<\/option><option value=\"Eritrea\">Eritrea<\/option><option value=\"Estland\">Estland<\/option><option value=\"Eswatini\">Eswatini<\/option><option value=\"Fidschi\">Fidschi<\/option><option value=\"Finnland\">Finnland<\/option><option value=\"Frankreich\">Frankreich<\/option><option value=\"Gabun\">Gabun<\/option><option value=\"Gambia\">Gambia<\/option><option value=\"Georgien\">Georgien<\/option><option value=\"Ghana\">Ghana<\/option><option value=\"Grenada\">Grenada<\/option><option value=\"Griechenland\">Griechenland<\/option><option value=\"Guatemala\">Guatemala<\/option><option value=\"Guinea\">Guinea<\/option><option value=\"Guinea-Bissau\">Guinea-Bissau<\/option><option value=\"Guyana\">Guyana<\/option><option value=\"Haiti\">Haiti<\/option><option value=\"Honduras\">Honduras<\/option><option value=\"Indien\">Indien<\/option><option value=\"Indonesien\">Indonesien<\/option><option value=\"Irak\">Irak<\/option><option value=\"Iran\">Iran<\/option><option value=\"Irland\">Irland<\/option><option value=\"Island\">Island<\/option><option value=\"Israel\">Israel<\/option><option value=\"Italien\">Italien<\/option><option value=\"Jamaika\">Jamaika<\/option><option value=\"Japan\">Japan<\/option><option value=\"Jordanien\">Jordanien<\/option><option value=\"Kambodscha\">Kambodscha<\/option><option value=\"Kamerun\">Kamerun<\/option><option value=\"Kanada\">Kanada<\/option><option value=\"Kap Verde\">Kap Verde<\/option><option value=\"Kasachstan\">Kasachstan<\/option><option value=\"Kenia\">Kenia<\/option><option value=\"Kirgisistan\">Kirgisistan<\/option><option value=\"Kiribati\">Kiribati<\/option><option value=\"Kolumbien\">Kolumbien<\/option><option value=\"Komoren\">Komoren<\/option><option value=\"Kongo (Demokratische Republik)\">Kongo (Demokratische Republik)<\/option><option value=\"Kongo (Republik)\">Kongo (Republik)<\/option><option value=\"Kroatien\">Kroatien<\/option><option value=\"Kuba\">Kuba<\/option><option value=\"Kuwait\">Kuwait<\/option><option value=\"Laos\">Laos<\/option><option value=\"Lesotho\">Lesotho<\/option><option value=\"Lettland\">Lettland<\/option><option value=\"Libanon\">Libanon<\/option><option value=\"Liberia\">Liberia<\/option><option value=\"Libyen\">Libyen<\/option><option value=\"Liechtenstein\">Liechtenstein<\/option><option value=\"Litauen\">Litauen<\/option><option value=\"Luxemburg\">Luxemburg<\/option><option value=\"Madagaskar\">Madagaskar<\/option><option value=\"Malawi\">Malawi<\/option><option value=\"Malaysia\">Malaysia<\/option><option value=\"Malediven\">Malediven<\/option><option value=\"Mali\">Mali<\/option><option value=\"Malta\">Malta<\/option><option value=\"Marokko\">Marokko<\/option><option value=\"Marshallinseln\">Marshallinseln<\/option><option value=\"Mauretanien\">Mauretanien<\/option><option value=\"Mauritius\">Mauritius<\/option><option value=\"Mexiko\">Mexiko<\/option><option value=\"Mikronesien\">Mikronesien<\/option><option value=\"Moldawien\">Moldawien<\/option><option value=\"Monaco\">Monaco<\/option><option value=\"Mongolei\">Mongolei<\/option><option value=\"Montenegro\">Montenegro<\/option><option value=\"Mosambik\">Mosambik<\/option><option value=\"Myanmar (Burma)\">Myanmar (Burma)<\/option><option value=\"Namibia\">Namibia<\/option><option value=\"Nauru\">Nauru<\/option><option value=\"Nepal\">Nepal<\/option><option value=\"Neuseeland\">Neuseeland<\/option><option value=\"Nicaragua\">Nicaragua<\/option><option value=\"Niederlande\">Niederlande<\/option><option value=\"Niger\">Niger<\/option><option value=\"Nigeria\">Nigeria<\/option><option value=\"Nordkorea\">Nordkorea<\/option><option value=\"Norwegen\">Norwegen<\/option><option value=\"Oman\">Oman<\/option><option value=\"\u00d6sterreich\">\u00d6sterreich<\/option><option value=\"Pakistan\">Pakistan<\/option><option value=\"Pal\u00e4stina\">Pal\u00e4stina<\/option><option value=\"Palau\">Palau<\/option><option value=\"Panama\">Panama<\/option><option value=\"Papua-Neuguinea\">Papua-Neuguinea<\/option><option value=\"Paraguay\">Paraguay<\/option><option value=\"Peru\">Peru<\/option><option value=\"Philippinen\">Philippinen<\/option><option value=\"Polen\">Polen<\/option><option value=\"Portugal\">Portugal<\/option><option value=\"Ruanda\">Ruanda<\/option><option value=\"Rum\u00e4nien\">Rum\u00e4nien<\/option><option value=\"Russland\">Russland<\/option><option value=\"Saint Kitts und Nevis\">Saint Kitts und Nevis<\/option><option value=\"Saint Lucia\">Saint Lucia<\/option><option value=\"Saint Vincent und die Grenadinen\">Saint Vincent und die Grenadinen<\/option><option value=\"Sambia\">Sambia<\/option><option value=\"Samoa\">Samoa<\/option><option value=\"San Marino\">San Marino<\/option><option value=\"S\u00e3o Tom\u00e9 und Pr\u00edncipe\">S\u00e3o Tom\u00e9 und Pr\u00edncipe<\/option><option value=\"Saudi-Arabien\">Saudi-Arabien<\/option><option value=\"Schweden\">Schweden<\/option><option value=\"Schweiz\">Schweiz<\/option><option value=\"Senegal\">Senegal<\/option><option value=\"Serbien\">Serbien<\/option><option value=\"Seychellen\">Seychellen<\/option><option value=\"Sierra Leone\">Sierra Leone<\/option><option value=\"Simbabwe\">Simbabwe<\/option><option value=\"Singapur\">Singapur<\/option><option value=\"Slowakei\">Slowakei<\/option><option value=\"Slowenien\">Slowenien<\/option><option value=\"Somalia\">Somalia<\/option><option value=\"Spanien\">Spanien<\/option><option value=\"Sri Lanka\">Sri Lanka<\/option><option value=\"S\u00fcdafrika\">S\u00fcdafrika<\/option><option value=\"S\u00fcdkorea\">S\u00fcdkorea<\/option><option value=\"Sudan\">Sudan<\/option><option value=\"S\u00fcdsudan\">S\u00fcdsudan<\/option><option value=\"Suriname\">Suriname<\/option><option value=\"Syrien\">Syrien<\/option><option value=\"Tadschikistan\">Tadschikistan<\/option><option value=\"Tansania\">Tansania<\/option><option value=\"Thailand\">Thailand<\/option><option value=\"Togo\">Togo<\/option><option value=\"Trinidad und Tobago\">Trinidad und Tobago<\/option><option value=\"Tschad\">Tschad<\/option><option value=\"Tschechien\">Tschechien<\/option><option value=\"Tunesien\">Tunesien<\/option><option value=\"T\u00fcrkei\">T\u00fcrkei<\/option><option value=\"Turkmenistan\">Turkmenistan<\/option><option value=\"Tuvalu\">Tuvalu<\/option><option value=\"Uganda\">Uganda<\/option><option value=\"Ukraine\">Ukraine<\/option><option value=\"Ungarn\">Ungarn<\/option><option value=\"Uruguay\">Uruguay<\/option><option value=\"Usbekistan\">Usbekistan<\/option><option value=\"Vanuatu\">Vanuatu<\/option><option value=\"Vatikanstadt\">Vatikanstadt<\/option><option value=\"Venezuela\">Venezuela<\/option><option value=\"Vietnam\">Vietnam<\/option><option value=\"Jemen\">Jemen<\/option><option value=\"Zentralafrikanische Republik\">Zentralafrikanische Republik<\/option><\/select><\/span>\n\t\t\t<\/p>\n\t\t<\/div>\n\t<\/div>\n\t<div class=\"field_group\">\n\t\t<p><label for=\"\">E-Mail-Adresse*<\/label><br \/>\n<span class=\"wpcf7-form-control-wrap\" data-name=\"email\"><input size=\"40\" class=\"wpcf7-form-control wpcf7-text wpcf7-email wpcf7-validates-as-required wpcf7-validates-as-email\" id=\"email_id\" aria-required=\"true\" aria-invalid=\"false\" value=\"\" type=\"email\" name=\"email\" \/><\/span>\n\t\t<\/p>\n\t<\/div>\n\t<div class=\"field_group\">\n\t\t<p><label for=\"\">Telefon<\/label><br \/>\n<span class=\"wpcf7-form-control-wrap\" data-name=\"tel\"><input size=\"40\" class=\"wpcf7-form-control wpcf7-text wpcf7-tel wpcf7-validates-as-tel\" id=\"phone\" aria-invalid=\"false\" value=\"\" type=\"tel\" name=\"tel\" \/><\/span>\n\t\t<\/p>\n\t<\/div>\n\t<div class=\"field_group\">\n\t\t<p><label for=\"\">Nachricht*<\/label><br \/>\n<span class=\"wpcf7-form-control-wrap\" data-name=\"message\"><textarea cols=\"40\" rows=\"10\" class=\"wpcf7-form-control wpcf7-textarea wpcf7-validates-as-required\" id=\"msg\" aria-required=\"true\" aria-invalid=\"false\" name=\"message\"><\/textarea><\/span>\n\t\t<\/p>\n\t<\/div>\n\t<div class=\"field_group\">\n\t\t<div class=\"inner_row\">\n\t\t\t<p>* Bitte f\u00fcllen Sie alle Pflichtfelder aus\n\t\t\t<\/p>\n\t\t\t<p><button>SENDEN <img decoding=\"async\" src=\"https:\/\/www.kenzai-cosmetics.swiss\/wp-content\/uploads\/2023\/06\/arrow_right_blk.svg\" alt=\"\" \/><\/button>\n\t\t\t<\/p>\n\t\t<\/div>\n\t<\/div>\n<\/div><div class=\"wpcf7-response-output\" aria-hidden=\"true\"><\/div>\n<\/form>\n<\/div>\n                    <\/div>\n                <\/div>\n            <\/div>\n        <\/div>\n    <\/section>\n\n \n\n\n\n\n\n\n\n<section class=\"round_img_block for_media py_160\">\n    <div class=\"ken_container\">\n          <div class=\"ken_row\">\n        <div class=\"ken_col_50\">\n                  <div class=\"img_block\">\n                        <img decoding=\"async\" src=\"https:\/\/kenzai-cosmetics.swiss\/wp-content\/uploads\/2023\/09\/KE_image_contact_FAQ_DE_CREA_01AR.webp\" alt=\"\">\n                      <\/div>\n                  <\/div>\n        <div class=\"ken_col_50\">\n          <div class=\"txt_block\">\n            <h2>FAQ<\/h2>\n            <p>Lesen Sie die h\u00e4ufig gestellten Fragen.<\/p>\n                        <a href=\"https:\/\/kenzai-cosmetics.swiss\/de\/faqs\/\" class=\"ken_btn\"><span>Entdecken Sie die FAQ<\/span> <svg xmlns=\"http:\/\/www.w3.org\/2000\/svg\"\n                width=\"35.105\" height=\"11.461\" viewBox=\"0 0 35.105 11.461\">\n                <g id=\"Groupe_7\" data-name=\"Groupe 7\" transform=\"translate(0 0.53)\">\n                  <line id=\"Ligne_1\" data-name=\"Ligne 1\" x2=\"33.889\" transform=\"translate(0 5.368)\" fill=\"none\"\n                    stroke-width=\"1.5\" \/>\n                  <path id=\"Trac\u00e9_20\" data-name=\"Trac\u00e9 20\" d=\"M0,0V7.289H7.419\"\n                    transform=\"translate(28.89 10.4) rotate(-135)\" fill=\"none\" stroke-width=\"1.5\" \/>\n                <\/g>\n              <\/svg>\n            <\/a>\n                      <\/div>\n        <\/div>\n      <\/div>\n          <\/div>\n  <\/section>\n  \n\n\n\n\n\n\n\n<section class=\"round_img_block for_media py_160\">\n    <div class=\"ken_container\">\n            <div class=\"ken_row ken_row_rev\">       \n        <div class=\"ken_col_50\">\n          <div class=\"txt_block\">\n            <h2>Adresse<\/h2>\n            <p>Kenzai Cosmetics<br>\nRue des Terreaux 2<br>\n1003 Lausanne<br>\nSchweiz<\/p>\n                      <\/div>\n        <\/div>\n        <div class=\"ken_col_50\">\n                  <div class=\"img_block\">\n                       <img decoding=\"async\" src=\"https:\/\/kenzai-cosmetics.swiss\/wp-content\/uploads\/2023\/06\/KEN-symbolK-black.png\" alt=\"\">\n                      <\/div>\n                  <\/div>\n      <\/div>\n          <\/div>\n  <\/section>\n  ","protected":false},"excerpt":{"rendered":"","protected":false},"author":200,"featured_media":0,"parent":0,"menu_order":0,"comment_status":"closed","ping_status":"closed","template":"basic_page.php","meta":{"footnotes":""},"yoast_head":"<!-- This site is optimized with the Yoast SEO plugin v19.14 - https:\/\/yoast.com\/wordpress\/plugins\/seo\/ -->\n<title>Kontakt - Kenzai Cosmetics<\/title>\n<meta name=\"description\" content=\"Die Qualit\u00e4t unseres Austauschs ist wichtig f\u00fcr uns F\u00fcr weitere Informationen zu unseren Pflegeprodukten.\" \/>\n<meta name=\"robots\" content=\"index, follow, max-snippet:-1, max-image-preview:large, max-video-preview:-1\" \/>\n<link rel=\"canonical\" href=\"https:\/\/kenzai-cosmetics.swiss\/de\/kontakt\/\" \/>\n<meta property=\"og:locale\" content=\"de_DE\" \/>\n<meta property=\"og:type\" content=\"article\" \/>\n<meta property=\"og:title\" content=\"Kontakt - Kenzai Cosmetics\" \/>\n<meta property=\"og:description\" content=\"Die Qualit\u00e4t unseres Austauschs ist wichtig f\u00fcr uns F\u00fcr weitere Informationen zu unseren Pflegeprodukten.\" \/>\n<meta property=\"og:url\" content=\"https:\/\/kenzai-cosmetics.swiss\/de\/kontakt\/\" \/>\n<meta property=\"og:site_name\" content=\"Kenzai Cosmetics\" \/>\n<meta property=\"article:modified_time\" content=\"2023-10-29T18:37:08+00:00\" \/>\n<meta name=\"twitter:card\" content=\"summary_large_image\" \/>\n<!-- \/ Yoast SEO plugin. -->","yoast_head_json":{"title":"Kontakt - Kenzai Cosmetics","description":"Die Qualit\u00e4t unseres Austauschs ist wichtig f\u00fcr uns F\u00fcr weitere Informationen zu unseren Pflegeprodukten.","robots":{"index":"index","follow":"follow","max-snippet":"max-snippet:-1","max-image-preview":"max-image-preview:large","max-video-preview":"max-video-preview:-1"},"canonical":"https:\/\/kenzai-cosmetics.swiss\/de\/kontakt\/","og_locale":"de_DE","og_type":"article","og_title":"Kontakt - Kenzai Cosmetics","og_description":"Die Qualit\u00e4t unseres Austauschs ist wichtig f\u00fcr uns F\u00fcr weitere Informationen zu unseren Pflegeprodukten.","og_url":"https:\/\/kenzai-cosmetics.swiss\/de\/kontakt\/","og_site_name":"Kenzai Cosmetics","article_modified_time":"2023-10-29T18:37:08+00:00","twitter_card":"summary_large_image","schema":{"@context":"https:\/\/schema.org","@graph":[{"@type":"WebPage","@id":"https:\/\/kenzai-cosmetics.swiss\/de\/kontakt\/","url":"https:\/\/kenzai-cosmetics.swiss\/de\/kontakt\/","name":"Kontakt - Kenzai Cosmetics","isPartOf":{"@id":"https:\/\/kenzai-cosmetics.swiss\/de\/#website"},"datePublished":"2023-04-24T16:07:54+00:00","dateModified":"2023-10-29T18:37:08+00:00","description":"Die Qualit\u00e4t unseres Austauschs ist wichtig f\u00fcr uns F\u00fcr weitere Informationen zu unseren Pflegeprodukten.","breadcrumb":{"@id":"https:\/\/kenzai-cosmetics.swiss\/de\/kontakt\/#breadcrumb"},"inLanguage":"de-DE","potentialAction":[{"@type":"ReadAction","target":["https:\/\/kenzai-cosmetics.swiss\/de\/kontakt\/"]}]},{"@type":"BreadcrumbList","@id":"https:\/\/kenzai-cosmetics.swiss\/de\/kontakt\/#breadcrumb","itemListElement":[{"@type":"ListItem","position":1,"name":"Accueil","item":"https:\/\/kenzai-cosmetics.swiss\/de\/"},{"@type":"ListItem","position":2,"name":"Kontakt"}]},{"@type":"WebSite","@id":"https:\/\/kenzai-cosmetics.swiss\/de\/#website","url":"https:\/\/kenzai-cosmetics.swiss\/de\/","name":"Kenzai Cosmetics","description":"","publisher":{"@id":"https:\/\/kenzai-cosmetics.swiss\/de\/#organization"},"potentialAction":[{"@type":"SearchAction","target":{"@type":"EntryPoint","urlTemplate":"https:\/\/kenzai-cosmetics.swiss\/de\/?s={search_term_string}"},"query-input":"required name=search_term_string"}],"inLanguage":"de-DE"},{"@type":"Organization","@id":"https:\/\/kenzai-cosmetics.swiss\/de\/#organization","name":"Kenzai Cosmetics","url":"https:\/\/kenzai-cosmetics.swiss\/de\/","logo":{"@type":"ImageObject","inLanguage":"de-DE","@id":"https:\/\/kenzai-cosmetics.swiss\/de\/#\/schema\/logo\/image\/","url":"https:\/\/kenzai-cosmetics.swiss\/wp-content\/uploads\/2023\/02\/KENZAI_Logo_BLACK_PROD.svg","contentUrl":"https:\/\/kenzai-cosmetics.swiss\/wp-content\/uploads\/2023\/02\/KENZAI_Logo_BLACK_PROD.svg","caption":"Kenzai Cosmetics"},"image":{"@id":"https:\/\/kenzai-cosmetics.swiss\/de\/#\/schema\/logo\/image\/"}}]}},"_links":{"self":[{"href":"https:\/\/kenzai-cosmetics.swiss\/de\/wp-json\/wp\/v2\/pages\/4465"}],"collection":[{"href":"https:\/\/kenzai-cosmetics.swiss\/de\/wp-json\/wp\/v2\/pages"}],"about":[{"href":"https:\/\/kenzai-cosmetics.swiss\/de\/wp-json\/wp\/v2\/types\/page"}],"author":[{"embeddable":true,"href":"https:\/\/kenzai-cosmetics.swiss\/de\/wp-json\/wp\/v2\/users\/200"}],"replies":[{"embeddable":true,"href":"https:\/\/kenzai-cosmetics.swiss\/de\/wp-json\/wp\/v2\/comments?post=4465"}],"version-history":[{"count":23,"href":"https:\/\/kenzai-cosmetics.swiss\/de\/wp-json\/wp\/v2\/pages\/4465\/revisions"}],"predecessor-version":[{"id":5406,"href":"https:\/\/kenzai-cosmetics.swiss\/de\/wp-json\/wp\/v2\/pages\/4465\/revisions\/5406"}],"wp:attachment":[{"href":"https:\/\/kenzai-cosmetics.swiss\/de\/wp-json\/wp\/v2\/media?parent=4465"}],"curies":[{"name":"wp","href":"https:\/\/api.w.org\/{rel}","templated":true}]}}