{"id":4460,"date":"2023-02-08T10:33:12","date_gmt":"2023-02-08T09:33:12","guid":{"rendered":"https:\/\/www.kenzai-cosmetics.swiss\/engagements\/"},"modified":"2023-09-26T12:12:55","modified_gmt":"2023-09-26T10:12:55","slug":"engagements","status":"publish","type":"page","link":"https:\/\/kenzai-cosmetics.swiss\/de\/engagements\/","title":{"rendered":"Engagements"},"content":{"rendered":"\n<section class=\"ken_col_blocks pb_160\">\n\n    <div class=\"ken_container\">\n      <div class=\"ken_row\">\n                    <div class=\"ken_col_33\">\n              <div class=\"text_block\">\n                <div class=\"text_contents\">\n                  <h3 class=\"ken_col_heading\">\n                    Warum Kenzai                  <\/h3>\n                  <p>\n                    <p>Zu dem Namen Kenzai inspirierte uns das japanische Wort \u5065\u5728, das man mit \u00abgut\u00bb, \u00abgesund\u00bb, \u00abwohlf\u00fchlen\u00bb oder auch \u00abstark\u00bb \u00fcbersetzen k\u00f6nnte. F\u00fcr uns dr\u00fcckt dieses eine Wort die Aufmerksamkeit aus, die wir dem Wohlbefinden der Menschen widmen. Es zeigt den Geist, der unseren Ansatz und unsere Handlungen leitet.<\/p>\n                  <\/p>\n                                  <\/div>\n              <\/div>\n            <\/div>\n                      <div class=\"ken_col_33\">\n              <div class=\"text_block\">\n                <div class=\"text_contents\">\n                  <h3 class=\"ken_col_heading\">\n                    Der Schweizer Anspruch                  <\/h3>\n                  <p>\n                    <p>Kenzai Cosmetics ist eine Schweizer Marke. Sie steht f\u00fcr den hohen Anspruch und die Sorgfalt, die dieses Land zu einer Referenz f\u00fcr Qualit\u00e4t und Zuverl\u00e4ssigkeit gemacht haben. Unsere Produkte werden in der Schweiz entwickelt und hergestellt. Sie vereinen die Anspr\u00fcche der heutigen Welt mit den Werten, die in der Schweizer Tradition verankert sind.<\/p>\n                  <\/p>\n                                  <\/div>\n              <\/div>\n            <\/div>\n                      <div class=\"ken_col_33\">\n              <div class=\"text_block\">\n                <div class=\"text_contents\">\n                  <h3 class=\"ken_col_heading\">\n                    Die Essenz der Natur                  <\/h3>\n                  <p>\n                    <p>Wir sind \u00fcberzeugt, dass die Natur die wichtigste Quelle f\u00fcr unser Wohlbefinden ist. Wir m\u00f6chten Ihnen das Beste aus der Natur bieten und setzen uns daf\u00fcr ein, die wohltuenden Ressourcen unseres Planeten zu achten und zu schonen, damit Sie ganz Sie selbst sein k\u00f6nnen, ohne \u00fcberfl\u00fcssiges Beiwerk.<\/p>\n                  <\/p>\n                                  <\/div>\n              <\/div>\n            <\/div>\n                <\/div>\n    <\/div>\n\n  <\/section>\n\n    \n\n\n\n\n\n\n\n<section class=\"round_img_block for_media py_160\">\n    <div class=\"ken_container\">\n          <div class=\"ken_row\">\n        <div class=\"ken_col_50\">\n                  <div class=\"img_block\">\n                        <img decoding=\"async\" src=\"https:\/\/kenzai-cosmetics.swiss\/wp-content\/uploads\/2023\/05\/KE_engagements_produits-scaled.webp\" alt=\"\">\n                      <\/div>\n                  <\/div>\n        <div class=\"ken_col_50\">\n          <div class=\"txt_block\">\n            <h2>Unser Markenversprechen<\/h2>\n            <p>Alle unsere Formulierungen wurden mit Achtung f\u00fcr das Leben und unsere Umwelt entwickelt. Kein Produkt unserer Marke enth\u00e4lt ver\u00e4nderte Substanzen, die in den nat\u00fcrlichen Zustand der Haut, Ihr Hormonsystem oder unseren Planeten eingreifen. Wir verwenden keine Zutaten tierischen Ursprungs und kein Palm\u00f6l. Stattdessen setzen wir auf biologische Inhaltsstoffe, schonende Extraktionstechniken und die h\u00f6chstm\u00f6gliche Konzentration der aktiven Inhaltsstoffe.<\/p>\n                      <\/div>\n        <\/div>\n      <\/div>\n          <\/div>\n  <\/section>\n  \n\n\n\n<section class=\"cta_block py_160 client_area ken_primary_bg\">\n    <div class=\"ken_container\">\n      <div class=\"ken_row\">\n        <div class=\"ken_col_full\">\n          <div class=\"txts\">\n            <div class=\"ken_caption_style\">\n              <span>Zertifizierung<\/span>\n            <\/div>\n            <p>Kenzai Cosmetics hat eine anerkannte Zertifizierung und verpflichtet sich, deren Anforderungen strikt einzuhalten.<\/p>\n          <\/div>\n        <\/div>\n        <div class=\"ken_col_full\">\n          <div class=\"client_logo_area\">\n                                        <div class=\"label_block\">\n              <div class=\"client_logo_block\">\n                <a href=\"https:\/\/natrue.org\/\" target=\"_blank\"><\/a>\n                <img decoding=\"async\" src=\"https:\/\/kenzai-cosmetics.swiss\/wp-content\/uploads\/2023\/02\/natrue-per-aper.png\" alt=\"\">\n              <\/div>\n            <\/div>\n                      <\/div>\n                  <\/div>\n      <\/div>\n    <\/div>\n  <\/section>\n  \n\n<section class=\"articles_details video video_section\">\n    <div class=\"ken_container\">\n      <div class=\"ken_row\">\n        <div class=\"ken_col_full\">\n        \n<div class=\"video_box\">\n            <div class=\"video_img\">\n                <!-- <span class=\"playBtn\" data-link=\"https:\/\/www.youtube.com\/embed\/Ver6gsl_caE\"><\/span> \n              <img decoding=\"async\" src=\"https:\/\/kenzai-cosmetics.swiss\/wp-content\/uploads\/2023\/06\/KEN_Intro_Video_PROD.png\" alt=\"\"> -->\n              <div class=\"video_overlay_img\">\n                <img decoding=\"async\" src=\"https:\/\/kenzai-cosmetics.swiss\/wp-content\/uploads\/2023\/06\/KEN_Intro_Video_PROD.png\" alt=\"\">\n                <span class=\"play_btn\"><\/span>\n              <\/div>\n              <!-- <iframe loading=\"lazy\"  width=\"1260\" height=\"710\" src=\"?rel=0\" title=\"Kenzai Cosmetics\" frameborder=\"0\" allow=\"accelerometer; autoplay; clipboard-write; encrypted-media; gyroscope; picture-in-picture; web-share\" allowfullscreen><\/iframe> -->\n            <iframe loading=\"lazy\" class=\"onpage_video\" src=\"https:\/\/www.youtube.com\/embed\/Ver6gsl_caE?rel=0\" frameborder=\"0\" width=\"100%\" height=\"100%\" allowFullScreen allow=\"autoplay\"><\/iframe> \n            \n          <\/div>\n            <div class=\"video_capt\"><\/div>\n          <\/div>\n\n          <\/div>\n      <\/div>\n    <\/div>\n <\/section>\n\n \n\n\n<section class=\"quote_area py_260\">\n    <div class=\"ken_container\">\n      <div class=\"ken_row\">\n        <div class=\"ken_col_full\">\n          <div class=\"quote_text\">\n            <div class=\"by_default \">Unser soziales Engagement: Indem wir die Augen f\u00fcr die Welt \u00f6ffnen, geben wir dem eigenen Leben einen Sinn.            <\/div>\n          <\/div>\n        \n        <\/div>\n      <\/div>\n    <\/div>\n  <\/section>\n\n  \n\n\n\n\n\n\n\n<section class=\"square_img_block for_media py_160\">\n    <div class=\"ken_container\">\n            <div class=\"ken_row ken_row_rev\">       \n        <div class=\"ken_col_50\">\n          <div class=\"txt_block\">\n            <h2>Wir unterst\u00fctzen die Stiftung Vision For All<\/h2>\n            <p>In den \u00e4rmsten Bev\u00f6lkerungsgruppen verlieren Menschen mit Sehschw\u00e4chen mangels angemessener Versorgung eine Form von Autonomie und W\u00fcrde. Die Natur wertzusch\u00e4tzen und in Harmonie mit ihr zu leben bedeutet f\u00fcr uns auch und in erster Linie, die Welt um uns herum wahrnehmen zu k\u00f6nnen und die Menschen zu sehen, die wir lieben. Wir spenden 1 % unseres Gewinns an die Schweizer Stiftung Vision For All, um mit Ihnen gemeinsam den am st\u00e4rksten benachteiligten Menschen zu helfen, diese wichtige Verbindung zur Welt und zu ihrer Umgebung wiederzufinden. Die Stiftung Vision For All wurde 2001 von einer Gruppe Schweizer Augen\u00e4rzte gegr\u00fcndet und bietet medizinisches Fachwissen in den Bereichen Augenheilkunde und Augenchirurgie sowie konkrete Hilfe in Form von Schulungen, medizinischer Ausr\u00fcstung und finanzieller Unterst\u00fctzung. Sie beteiligt sich aktiv an zahlreichen humanit\u00e4ren Projekten auf der ganzen Welt.<\/p>\n                      <\/div>\n        <\/div>\n        <div class=\"ken_col_50\">\n                  <div class=\"img_block\">\n                       <img decoding=\"async\" src=\"https:\/\/kenzai-cosmetics.swiss\/wp-content\/uploads\/2023\/05\/KE_engagements_vision-for-all.gif\" alt=\"\">\n                      <\/div>\n                  <\/div>\n      <\/div>\n          <\/div>\n  <\/section>\n  ","protected":false},"excerpt":{"rendered":"","protected":false},"author":200,"featured_media":0,"parent":0,"menu_order":0,"comment_status":"closed","ping_status":"closed","template":"basic_page.php","meta":{"footnotes":""},"yoast_head":"<!-- This site is optimized with the Yoast SEO plugin v19.14 - https:\/\/yoast.com\/wordpress\/plugins\/seo\/ -->\n<title>Engagements - Kenzai Cosmetics<\/title>\n<meta name=\"description\" content=\"Unser Markenversprechen: Die Achtung des Lebens und der Natur stehen im Mittelpunkt einer verantwortungsvollen Kosmetik\" \/>\n<meta name=\"robots\" content=\"index, follow, max-snippet:-1, max-image-preview:large, max-video-preview:-1\" \/>\n<link rel=\"canonical\" href=\"https:\/\/kenzai-cosmetics.swiss\/de\/engagements\/\" \/>\n<meta property=\"og:locale\" content=\"de_DE\" \/>\n<meta property=\"og:type\" content=\"article\" \/>\n<meta property=\"og:title\" content=\"Engagements - Kenzai Cosmetics\" \/>\n<meta property=\"og:description\" content=\"Unser Markenversprechen: Die Achtung des Lebens und der Natur stehen im Mittelpunkt einer verantwortungsvollen Kosmetik\" \/>\n<meta property=\"og:url\" content=\"https:\/\/kenzai-cosmetics.swiss\/de\/engagements\/\" \/>\n<meta property=\"og:site_name\" content=\"Kenzai Cosmetics\" \/>\n<meta property=\"article:modified_time\" content=\"2023-09-26T10:12:55+00:00\" \/>\n<meta name=\"twitter:card\" content=\"summary_large_image\" \/>\n<!-- \/ Yoast SEO plugin. -->","yoast_head_json":{"title":"Engagements - Kenzai Cosmetics","description":"Unser Markenversprechen: Die Achtung des Lebens und der Natur stehen im Mittelpunkt einer verantwortungsvollen Kosmetik","robots":{"index":"index","follow":"follow","max-snippet":"max-snippet:-1","max-image-preview":"max-image-preview:large","max-video-preview":"max-video-preview:-1"},"canonical":"https:\/\/kenzai-cosmetics.swiss\/de\/engagements\/","og_locale":"de_DE","og_type":"article","og_title":"Engagements - Kenzai Cosmetics","og_description":"Unser Markenversprechen: Die Achtung des Lebens und der Natur stehen im Mittelpunkt einer verantwortungsvollen Kosmetik","og_url":"https:\/\/kenzai-cosmetics.swiss\/de\/engagements\/","og_site_name":"Kenzai Cosmetics","article_modified_time":"2023-09-26T10:12:55+00:00","twitter_card":"summary_large_image","schema":{"@context":"https:\/\/schema.org","@graph":[{"@type":"WebPage","@id":"https:\/\/kenzai-cosmetics.swiss\/de\/engagements\/","url":"https:\/\/kenzai-cosmetics.swiss\/de\/engagements\/","name":"Engagements - Kenzai Cosmetics","isPartOf":{"@id":"https:\/\/kenzai-cosmetics.swiss\/de\/#website"},"datePublished":"2023-02-08T09:33:12+00:00","dateModified":"2023-09-26T10:12:55+00:00","description":"Unser Markenversprechen: Die Achtung des Lebens und der Natur stehen im Mittelpunkt einer verantwortungsvollen Kosmetik","breadcrumb":{"@id":"https:\/\/kenzai-cosmetics.swiss\/de\/engagements\/#breadcrumb"},"inLanguage":"de-DE","potentialAction":[{"@type":"ReadAction","target":["https:\/\/kenzai-cosmetics.swiss\/de\/engagements\/"]}]},{"@type":"BreadcrumbList","@id":"https:\/\/kenzai-cosmetics.swiss\/de\/engagements\/#breadcrumb","itemListElement":[{"@type":"ListItem","position":1,"name":"Accueil","item":"https:\/\/kenzai-cosmetics.swiss\/de\/"},{"@type":"ListItem","position":2,"name":"Engagements"}]},{"@type":"WebSite","@id":"https:\/\/kenzai-cosmetics.swiss\/de\/#website","url":"https:\/\/kenzai-cosmetics.swiss\/de\/","name":"Kenzai Cosmetics","description":"","publisher":{"@id":"https:\/\/kenzai-cosmetics.swiss\/de\/#organization"},"potentialAction":[{"@type":"SearchAction","target":{"@type":"EntryPoint","urlTemplate":"https:\/\/kenzai-cosmetics.swiss\/de\/?s={search_term_string}"},"query-input":"required name=search_term_string"}],"inLanguage":"de-DE"},{"@type":"Organization","@id":"https:\/\/kenzai-cosmetics.swiss\/de\/#organization","name":"Kenzai Cosmetics","url":"https:\/\/kenzai-cosmetics.swiss\/de\/","logo":{"@type":"ImageObject","inLanguage":"de-DE","@id":"https:\/\/kenzai-cosmetics.swiss\/de\/#\/schema\/logo\/image\/","url":"https:\/\/kenzai-cosmetics.swiss\/wp-content\/uploads\/2023\/02\/KENZAI_Logo_BLACK_PROD.svg","contentUrl":"https:\/\/kenzai-cosmetics.swiss\/wp-content\/uploads\/2023\/02\/KENZAI_Logo_BLACK_PROD.svg","caption":"Kenzai Cosmetics"},"image":{"@id":"https:\/\/kenzai-cosmetics.swiss\/de\/#\/schema\/logo\/image\/"}}]}},"_links":{"self":[{"href":"https:\/\/kenzai-cosmetics.swiss\/de\/wp-json\/wp\/v2\/pages\/4460"}],"collection":[{"href":"https:\/\/kenzai-cosmetics.swiss\/de\/wp-json\/wp\/v2\/pages"}],"about":[{"href":"https:\/\/kenzai-cosmetics.swiss\/de\/wp-json\/wp\/v2\/types\/page"}],"author":[{"embeddable":true,"href":"https:\/\/kenzai-cosmetics.swiss\/de\/wp-json\/wp\/v2\/users\/200"}],"replies":[{"embeddable":true,"href":"https:\/\/kenzai-cosmetics.swiss\/de\/wp-json\/wp\/v2\/comments?post=4460"}],"version-history":[{"count":6,"href":"https:\/\/kenzai-cosmetics.swiss\/de\/wp-json\/wp\/v2\/pages\/4460\/revisions"}],"predecessor-version":[{"id":4555,"href":"https:\/\/kenzai-cosmetics.swiss\/de\/wp-json\/wp\/v2\/pages\/4460\/revisions\/4555"}],"wp:attachment":[{"href":"https:\/\/kenzai-cosmetics.swiss\/de\/wp-json\/wp\/v2\/media?parent=4460"}],"curies":[{"name":"wp","href":"https:\/\/api.w.org\/{rel}","templated":true}]}}