{"id":365,"date":"2023-02-09T18:31:20","date_gmt":"2023-02-09T17:31:20","guid":{"rendered":"https:\/\/elk-dev.ch\/kenzai\/home\/"},"modified":"2025-03-04T11:02:18","modified_gmt":"2025-03-04T10:02:18","slug":"home","status":"publish","type":"page","link":"https:\/\/kenzai-cosmetics.swiss\/de\/","title":{"rendered":"Home"},"content":{"rendered":"\n\n\n\n\n\n<section class=\"round_img_block for_media py_160\">\n    <div class=\"ken_container\">\n            <div class=\"ken_row ken_row_rev\">       \n        <div class=\"ken_col_50\">\n          <div class=\"txt_block\">\n            <h2>Im Mittelpunkt unserer Philosophie steht die Achtung des Lebens und der Natur<\/h2>\n            <p>Gut zu sich selbst sein und achtsam mit unserer Umwelt umgehen, das sind die Schl\u00fcssel zu dauerhaftem Wohlf\u00fchlen, das Teil einer sch\u00f6neren Welt ist.<\/p>\n                        <a href=\"https:\/\/kenzai-cosmetics.swiss\/de\/inhaltsstoffe\/\" class=\"ken_btn\"><span>UNSERE ENGAGEMENTS ENTDECKEN<\/span> <svg xmlns=\"http:\/\/www.w3.org\/2000\/svg\"\n                width=\"35.105\" height=\"11.461\" viewBox=\"0 0 35.105 11.461\">\n                <g id=\"Groupe_7\" data-name=\"Groupe 7\" transform=\"translate(0 0.53)\">\n                  <line id=\"Ligne_1\" data-name=\"Ligne 1\" x2=\"33.889\" transform=\"translate(0 5.368)\" fill=\"none\"\n                    stroke-width=\"1.5\" \/>\n                  <path id=\"Trac\u00e9_20\" data-name=\"Trac\u00e9 20\" d=\"M0,0V7.289H7.419\"\n                    transform=\"translate(28.89 10.4) rotate(-135)\" fill=\"none\" stroke-width=\"1.5\" \/>\n                <\/g>\n              <\/svg>\n            <\/a>\n                      <\/div>\n        <\/div>\n        <div class=\"ken_col_50\">\n                  <div class=\"img_block\">\n                       <img decoding=\"async\" src=\"https:\/\/kenzai-cosmetics.swiss\/wp-content\/uploads\/2023\/05\/kenzai_banner_ingredients-scaled.webp\" alt=\"\">\n                      <\/div>\n                  <\/div>\n      <\/div>\n          <\/div>\n  <\/section>\n  \n\n\n<section class=\"quote_area py_260\">\n    <div class=\"ken_container\">\n      <div class=\"ken_row\">\n        <div class=\"ken_col_full\">\n          <div class=\"quote_text\">\n            <div class=\"by_default \">Hautpflege ohne Umschweife, die Ihre wahre Natur zur Geltung bringt.            <\/div>\n          <\/div>\n        \n        <\/div>\n      <\/div>\n    <\/div>\n  <\/section>\n\n  \n\n\n<section class=\"cta_block py_160\">\n    <div class=\"ken_container\">\n      <div class=\"ken_row\">\n        <div class=\"ken_col_full\">\n          <div class=\"txts\">\n            <div class=\"ken_caption_style\">\n              <span>EINFACH VERANTWORTUNGSBEWUSST<\/span>\n            <\/div>\n            <h2>Wir verpflichten uns, diese Produkte aus unseren Formeln zu verbannen:<\/h2>\n            <p>Palm\u00f6l, Parabene, Paraffin, Silikon, Phenoxyethanol, PEG, Nanopartikel, organische Halogenverbindungen, Mineral\u00f6le, synthetische Farb- und Duftstoffe, Alkohol und Inhaltsstoffe tierischen Ursprungs. Wir f\u00fchren auch keine Tierversuche durch.<\/p>\n          <\/div>\n          <ul class=\"cta_list\">\n                    <li>\n              <div class=\"cta_card\">\n              <a href=\"https:\/\/kenzai-cosmetics.swiss\/de\/categorie-produit\/frau\/\"><\/a>\n                <div class=\"cta_img_block\">\n                  <img decoding=\"async\" src=\"https:\/\/kenzai-cosmetics.swiss\/wp-content\/uploads\/2023\/06\/KENZAI_gamme_femme.jpg\" alt=\"\">\n                  <img decoding=\"async\" src=\"https:\/\/kenzai-cosmetics.swiss\/wp-content\/uploads\/2023\/06\/KENZAI_gamme_femme.jpg\" alt=\"\">\n                <\/div>\n                <div class=\"cta_capt\">Zeit, Ihrer Haut Entspannung zu g\u00f6nnen und die sanfte Nat\u00fcrlichkeit zu geniessen.<\/div>\n              <\/div>\n            <\/li>\n                        <li>\n              <div class=\"cta_card\">\n              <a href=\"https:\/\/kenzai-cosmetics.swiss\/de\/categorie-produit\/mann\/\"><\/a>\n                <div class=\"cta_img_block\">\n                  <img decoding=\"async\" src=\"https:\/\/kenzai-cosmetics.swiss\/wp-content\/uploads\/2023\/06\/KENZAI_gamme_homme.jpg\" alt=\"\">\n                  <img decoding=\"async\" src=\"https:\/\/kenzai-cosmetics.swiss\/wp-content\/uploads\/2023\/06\/KENZAI_gamme_homme.jpg\" alt=\"\">\n                <\/div>\n                <div class=\"cta_capt\">Indem Sie Ihre Haut nat\u00fcrlich pflegen, f\u00f6rdern Sie Ihr Wohlbefinden.<\/div>\n              <\/div>\n            <\/li>\n                      <\/ul>\n        <\/div>\n      <\/div>\n    <\/div>\n  <\/section>\n\n  ","protected":false},"excerpt":{"rendered":"","protected":false},"author":200,"featured_media":3859,"parent":0,"menu_order":0,"comment_status":"closed","ping_status":"closed","template":"front-page.php","meta":{"footnotes":""},"yoast_head":"<!-- This site is optimized with the Yoast SEO plugin v19.14 - https:\/\/yoast.com\/wordpress\/plugins\/seo\/ -->\n<title>Kenzai Cosmetics - Hautpflege die Ihre wahre Natur zur Geltung bringt<\/title>\n<meta name=\"description\" content=\"Unsere Essentials achten die wahre Natur Ihrer Haut und sch\u00fctzen sie wirksam vor blauem Licht, w\u00e4hrend sie die wohltuenden Ressourcen unseres Planeten schonen.\" \/>\n<meta name=\"robots\" content=\"index, follow, max-snippet:-1, max-image-preview:large, max-video-preview:-1\" \/>\n<link rel=\"canonical\" href=\"https:\/\/kenzai-cosmetics.swiss\/de\/\" \/>\n<meta property=\"og:locale\" content=\"de_DE\" \/>\n<meta property=\"og:type\" content=\"article\" \/>\n<meta property=\"og:title\" content=\"Kenzai Cosmetics - Hautpflege die Ihre wahre Natur zur Geltung bringt\" \/>\n<meta property=\"og:description\" content=\"Unsere Essentials achten die wahre Natur Ihrer Haut und sch\u00fctzen sie wirksam vor blauem Licht, w\u00e4hrend sie die wohltuenden Ressourcen unseres Planeten schonen.\" \/>\n<meta property=\"og:url\" content=\"https:\/\/kenzai-cosmetics.swiss\/de\/\" \/>\n<meta property=\"og:site_name\" content=\"Kenzai Cosmetics\" \/>\n<meta property=\"article:modified_time\" content=\"2025-03-04T10:02:18+00:00\" \/>\n<meta property=\"og:image\" content=\"https:\/\/kenzai-cosmetics.swiss\/wp-content\/uploads\/2023\/08\/Kenzai-Cosmetics-Swiss.jpg\" \/>\n\t<meta property=\"og:image:width\" content=\"784\" \/>\n\t<meta property=\"og:image:height\" content=\"784\" \/>\n\t<meta property=\"og:image:type\" content=\"image\/jpeg\" \/>\n<meta name=\"twitter:card\" content=\"summary_large_image\" \/>\n<!-- \/ Yoast SEO plugin. -->","yoast_head_json":{"title":"Kenzai Cosmetics - Hautpflege die Ihre wahre Natur zur Geltung bringt","description":"Unsere Essentials achten die wahre Natur Ihrer Haut und sch\u00fctzen sie wirksam vor blauem Licht, w\u00e4hrend sie die wohltuenden Ressourcen unseres Planeten schonen.","robots":{"index":"index","follow":"follow","max-snippet":"max-snippet:-1","max-image-preview":"max-image-preview:large","max-video-preview":"max-video-preview:-1"},"canonical":"https:\/\/kenzai-cosmetics.swiss\/de\/","og_locale":"de_DE","og_type":"article","og_title":"Kenzai Cosmetics - Hautpflege die Ihre wahre Natur zur Geltung bringt","og_description":"Unsere Essentials achten die wahre Natur Ihrer Haut und sch\u00fctzen sie wirksam vor blauem Licht, w\u00e4hrend sie die wohltuenden Ressourcen unseres Planeten schonen.","og_url":"https:\/\/kenzai-cosmetics.swiss\/de\/","og_site_name":"Kenzai Cosmetics","article_modified_time":"2025-03-04T10:02:18+00:00","og_image":[{"width":784,"height":784,"url":"https:\/\/kenzai-cosmetics.swiss\/wp-content\/uploads\/2023\/08\/Kenzai-Cosmetics-Swiss.jpg","type":"image\/jpeg"}],"twitter_card":"summary_large_image","schema":{"@context":"https:\/\/schema.org","@graph":[{"@type":"WebPage","@id":"https:\/\/kenzai-cosmetics.swiss\/de\/","url":"https:\/\/kenzai-cosmetics.swiss\/de\/","name":"Kenzai Cosmetics - Hautpflege die Ihre wahre Natur zur Geltung bringt","isPartOf":{"@id":"https:\/\/kenzai-cosmetics.swiss\/de\/#website"},"datePublished":"2023-02-09T17:31:20+00:00","dateModified":"2025-03-04T10:02:18+00:00","description":"Unsere Essentials achten die wahre Natur Ihrer Haut und sch\u00fctzen sie wirksam vor blauem Licht, w\u00e4hrend sie die wohltuenden Ressourcen unseres Planeten schonen.","breadcrumb":{"@id":"https:\/\/kenzai-cosmetics.swiss\/de\/#breadcrumb"},"inLanguage":"de-DE","potentialAction":[{"@type":"ReadAction","target":["https:\/\/kenzai-cosmetics.swiss\/de\/"]}]},{"@type":"BreadcrumbList","@id":"https:\/\/kenzai-cosmetics.swiss\/de\/#breadcrumb","itemListElement":[{"@type":"ListItem","position":1,"name":"Accueil","item":"https:\/\/kenzai-cosmetics.swiss\/de\/"},{"@type":"ListItem","position":2,"name":"Home"}]},{"@type":"WebSite","@id":"https:\/\/kenzai-cosmetics.swiss\/de\/#website","url":"https:\/\/kenzai-cosmetics.swiss\/de\/","name":"Kenzai Cosmetics","description":"","publisher":{"@id":"https:\/\/kenzai-cosmetics.swiss\/de\/#organization"},"potentialAction":[{"@type":"SearchAction","target":{"@type":"EntryPoint","urlTemplate":"https:\/\/kenzai-cosmetics.swiss\/de\/?s={search_term_string}"},"query-input":"required name=search_term_string"}],"inLanguage":"de-DE"},{"@type":"Organization","@id":"https:\/\/kenzai-cosmetics.swiss\/de\/#organization","name":"Kenzai Cosmetics","url":"https:\/\/kenzai-cosmetics.swiss\/de\/","logo":{"@type":"ImageObject","inLanguage":"de-DE","@id":"https:\/\/kenzai-cosmetics.swiss\/de\/#\/schema\/logo\/image\/","url":"https:\/\/kenzai-cosmetics.swiss\/wp-content\/uploads\/2023\/02\/KENZAI_Logo_BLACK_PROD.svg","contentUrl":"https:\/\/kenzai-cosmetics.swiss\/wp-content\/uploads\/2023\/02\/KENZAI_Logo_BLACK_PROD.svg","caption":"Kenzai Cosmetics"},"image":{"@id":"https:\/\/kenzai-cosmetics.swiss\/de\/#\/schema\/logo\/image\/"}}]}},"_links":{"self":[{"href":"https:\/\/kenzai-cosmetics.swiss\/de\/wp-json\/wp\/v2\/pages\/365"}],"collection":[{"href":"https:\/\/kenzai-cosmetics.swiss\/de\/wp-json\/wp\/v2\/pages"}],"about":[{"href":"https:\/\/kenzai-cosmetics.swiss\/de\/wp-json\/wp\/v2\/types\/page"}],"author":[{"embeddable":true,"href":"https:\/\/kenzai-cosmetics.swiss\/de\/wp-json\/wp\/v2\/users\/200"}],"replies":[{"embeddable":true,"href":"https:\/\/kenzai-cosmetics.swiss\/de\/wp-json\/wp\/v2\/comments?post=365"}],"version-history":[{"count":121,"href":"https:\/\/kenzai-cosmetics.swiss\/de\/wp-json\/wp\/v2\/pages\/365\/revisions"}],"predecessor-version":[{"id":5753,"href":"https:\/\/kenzai-cosmetics.swiss\/de\/wp-json\/wp\/v2\/pages\/365\/revisions\/5753"}],"wp:featuredmedia":[{"embeddable":true,"href":"https:\/\/kenzai-cosmetics.swiss\/de\/wp-json\/wp\/v2\/media\/3859"}],"wp:attachment":[{"href":"https:\/\/kenzai-cosmetics.swiss\/de\/wp-json\/wp\/v2\/media?parent=365"}],"curies":[{"name":"wp","href":"https:\/\/api.w.org\/{rel}","templated":true}]}}